{"id":3,"date":"2024-09-30T03:02:19","date_gmt":"2024-09-30T03:02:19","guid":{"rendered":"https:\/\/buttiebeauty.com\/us\/?page_id=3"},"modified":"2025-12-17T11:32:05","modified_gmt":"2025-12-17T11:32:05","slug":"privacy-policy","status":"publish","type":"page","link":"https:\/\/buttiebeauty.com\/us\/privacy-policy\/","title":{"rendered":"Privacy Policy"},"content":{"rendered":"\n<h2 class=\"wp-block-heading\">\u00daltima atualiza\u00e7\u00e3o: 01 de janeiro de 2025<\/h2>\n\n\n\n<p>Esta Pol\u00edtica de Privacidade descreve como a <strong>Medical Import<\/strong> (o &#8220;Site&#8221;, &#8220;n\u00f3s&#8221;, &#8220;nos&#8221; ou &#8220;nosso&#8221;) coleta, usa e divulga suas informa\u00e7\u00f5es pessoais quando voc\u00ea visita, usa nossos servi\u00e7os, faz uma compra em <strong><a>info@m2nmarketing.com.br<\/a><\/strong> (o &#8220;Site&#8221;) ou se comunica conosco de outra forma em rela\u00e7\u00e3o ao Site (coletivamente, os &#8220;Servi\u00e7os&#8221;). Para os fins desta Pol\u00edtica de Privacidade, \u201cvoc\u00ea\u201d e \u201cseu\u201d significam voc\u00ea como usu\u00e1rio dos Servi\u00e7os, seja voc\u00ea um cliente, visitante do site ou outra pessoa f\u00edsica cujas informa\u00e7\u00f5es coletamos de acordo com esta Pol\u00edtica de Privacidade.<\/p>\n\n\n\n<p>Leia esta pol\u00edtica de privacidade com aten\u00e7\u00e3o. Ao usar e acessar qualquer um dos Servi\u00e7os, voc\u00ea concorda com a coleta, o uso e a divulga\u00e7\u00e3o de suas informa\u00e7\u00f5es conforme descrito nesta Pol\u00edtica de Privacidade. Se voc\u00ea n\u00e3o concorda com esta Pol\u00edtica de Privacidade, n\u00e3o use nem acesse quaisquer Servi\u00e7os.<\/p>\n\n\n\n<p><strong>Altera\u00e7\u00f5es nesta Pol\u00edtica de Privacidade<\/strong> Poderemos atualizar esta Pol\u00edtica de Privacidade de tempos em tempos, inclusive para refletir altera\u00e7\u00f5es em nossas pr\u00e1ticas ou por outros motivos operacionais, legais ou regulat\u00f3rios. Publicaremos a Pol\u00edtica de Privacidade revisada no Site, atualizaremos a data da \u201c\u00daltima atualiza\u00e7\u00e3o\u201d e tomaremos outras medidas exigidas pela lei aplic\u00e1vel.<\/p>\n\n\n\n<p><strong>Como coletamos e usamos suas informa\u00e7\u00f5es pessoais<\/strong> Para fornecer os Servi\u00e7os, coletamos regularmente informa\u00e7\u00f5es pessoais sobre voc\u00ea de diversas fontes, conforme estabelecido abaixo. As informa\u00e7\u00f5es que coletamos e usamos variam dependendo de como voc\u00ea interage conosco.<\/p>\n\n\n\n<p>Al\u00e9m dos usos espec\u00edficos definidos abaixo, podemos usar as informa\u00e7\u00f5es que coletamos sobre voc\u00ea para nos comunicar com voc\u00ea, fornecer ou aprimorar os Servi\u00e7os, cumprir as obriga\u00e7\u00f5es legais aplic\u00e1veis e fazer cumprir os termos de servi\u00e7o aplic\u00e1veis, al\u00e9m de proteger ou defender os Servi\u00e7os, nossos direitos e os direitos de nossos usu\u00e1rios ou de terceiros.<\/p>\n\n\n\n<p><strong>Quais informa\u00e7\u00f5es pessoais coletamos<\/strong> Os tipos de informa\u00e7\u00f5es pessoais que obtemos sobre voc\u00ea dependem de como voc\u00ea interage com nosso Site e usa nossos Servi\u00e7os. Quando usamos o termo \u201cinforma\u00e7\u00f5es pessoais\u201d, nos referimos a informa\u00e7\u00f5es que identificam, se relacionam, descrevem ou podem ser associadas a voc\u00ea. As se\u00e7\u00f5es a seguir descrevem as categorias e os tipos espec\u00edficos de informa\u00e7\u00f5es pessoais que coletamos.<\/p>\n\n\n\n<p><strong>Informa\u00e7\u00f5es que coletamos diretamente de voc\u00ea<\/strong> As informa\u00e7\u00f5es que voc\u00ea nos envia diretamente por meio de nossos Servi\u00e7os podem incluir:<\/p>\n\n\n\n<ul class=\"wp-block-list\">\n<li>Informa\u00e7\u00f5es de contato incluindo seu nome, endere\u00e7o, n\u00famero de telefone e e-mail.<\/li>\n\n\n\n<li>Informa\u00e7\u00f5es do pedido incluindo seu nome, endere\u00e7o de faturamento, endere\u00e7o de entrega, confirma\u00e7\u00e3o de pagamento, endere\u00e7o de e-mail e n\u00famero de telefone.<\/li>\n\n\n\n<li>Informa\u00e7\u00f5es da conta incluindo seu nome de usu\u00e1rio, senha, perguntas de seguran\u00e7a e outras informa\u00e7\u00f5es usadas para fins de seguran\u00e7a da conta.<\/li>\n\n\n\n<li>Informa\u00e7\u00f5es de compras incluindo os itens que voc\u00ea visualiza, coloca no carrinho e salva em sua conta, como pontos de fidelidade, avalia\u00e7\u00f5es, indica\u00e7\u00f5es ou cart\u00f5es-presente, ou compras.<\/li>\n\n\n\n<li>Informa\u00e7\u00f5es de atendimento ao cliente incluindo as informa\u00e7\u00f5es que voc\u00ea decide incluir nas comunica\u00e7\u00f5es conosco, por exemplo, ao enviar uma mensagem por meio dos Servi\u00e7os.<\/li>\n<\/ul>\n\n\n\n<p>Alguns recursos dos Servi\u00e7os podem exigir que voc\u00ea nos forne\u00e7a diretamente determinadas informa\u00e7\u00f5es sobre voc\u00ea. \u00c9 poss\u00edvel optar por n\u00e3o fornecer essas informa\u00e7\u00f5es, mas isso poder\u00e1 impedir voc\u00ea de usar ou acessar esses recursos.<\/p>\n\n\n\n<p><strong>Informa\u00e7\u00f5es que coletamos sobre seu uso<\/strong> Tamb\u00e9m poderemos coletar automaticamente determinadas informa\u00e7\u00f5es sobre a sua intera\u00e7\u00e3o com os Servi\u00e7os (&#8220;Dados de Uso&#8221;). Para isso, podemos utilizar cookies, pixels e tecnologias semelhantes (&#8220;Cookies&#8221;). Os Dados de Uso podem incluir informa\u00e7\u00f5es sobre como voc\u00ea acessa e usa nosso Site e sua conta, incluindo informa\u00e7\u00f5es do dispositivo, informa\u00e7\u00f5es do navegador, informa\u00e7\u00f5es sobre sua conex\u00e3o de rede, seu endere\u00e7o IP e outras informa\u00e7\u00f5es relacionadas \u00e0 sua intera\u00e7\u00e3o com os Servi\u00e7os.<\/p>\n\n\n\n<p><strong>Informa\u00e7\u00f5es que obtemos de terceiros<\/strong> Por \u00faltimo, podemos obter informa\u00e7\u00f5es sobre voc\u00ea de terceiros, inclusive de fornecedores e prestadores de servi\u00e7os que podem coletar informa\u00e7\u00f5es em nosso nome, tais como:<\/p>\n\n\n\n<ul class=\"wp-block-list\">\n<li>Parceiros que apoiam nosso Site e Servi\u00e7os, como WooCommerce e WordPress.<\/li>\n\n\n\n<li>Nossos processadores de pagamento, que coletam informa\u00e7\u00f5es de pagamento (por exemplo, informa\u00e7\u00f5es de conta banc\u00e1ria, cart\u00e3o de cr\u00e9dito ou d\u00e9bito, endere\u00e7o de faturamento) para processar seu pagamento a fim de processar seus pedidos e fornecer os produtos ou servi\u00e7os que voc\u00ea solicitou, a fim de cumprir nosso contrato com voc\u00ea.<\/li>\n<\/ul>\n\n\n\n<p>Quando voc\u00ea visita nosso Site, abre ou clica em e-mails que enviamos ou interage com nossos Servi\u00e7os ou an\u00fancios, n\u00f3s, ou terceiros com quem trabalhamos, podemos coletar automaticamente certas informa\u00e7\u00f5es usando tecnologias de rastreamento online, como pixels, web beacons, kits de desenvolvimento de software, bibliotecas de terceiros e cookies.<\/p>\n\n\n\n<p>Qualquer informa\u00e7\u00e3o que obtivermos de terceiros ser\u00e1 tratada de acordo com esta Pol\u00edtica de Privacidade. Veja tamb\u00e9m a se\u00e7\u00e3o abaixo, Sites e links de terceiros.<\/p>\n","protected":false},"excerpt":{"rendered":"<p>\u00daltima atualiza\u00e7\u00e3o: 01 de janeiro de 2025 Esta Pol\u00edtica de Privacidade descreve como a Medical Import (o &#8220;Site&#8221;, &#8220;n\u00f3s&#8221;, &#8220;nos&#8221; ou &#8220;nosso&#8221;) coleta, usa e divulga suas informa\u00e7\u00f5es pessoais quando voc\u00ea visita, usa nossos servi\u00e7os, faz uma compra em info@m2nmarketing.com.br (o &#8220;Site&#8221;) ou se comunica conosco de outra forma em rela\u00e7\u00e3o ao Site (coletivamente, os [&hellip;]<\/p>\n","protected":false},"author":1,"featured_media":0,"parent":0,"menu_order":0,"comment_status":"closed","ping_status":"closed","template":"","meta":{"footnotes":""},"class_list":["post-3","page","type-page","status-publish","hentry"],"_links":{"self":[{"href":"https:\/\/buttiebeauty.com\/us\/wp-json\/wp\/v2\/pages\/3","targetHints":{"allow":["GET"]}}],"collection":[{"href":"https:\/\/buttiebeauty.com\/us\/wp-json\/wp\/v2\/pages"}],"about":[{"href":"https:\/\/buttiebeauty.com\/us\/wp-json\/wp\/v2\/types\/page"}],"author":[{"embeddable":true,"href":"https:\/\/buttiebeauty.com\/us\/wp-json\/wp\/v2\/users\/1"}],"replies":[{"embeddable":true,"href":"https:\/\/buttiebeauty.com\/us\/wp-json\/wp\/v2\/comments?post=3"}],"version-history":[{"count":3,"href":"https:\/\/buttiebeauty.com\/us\/wp-json\/wp\/v2\/pages\/3\/revisions"}],"predecessor-version":[{"id":45576,"href":"https:\/\/buttiebeauty.com\/us\/wp-json\/wp\/v2\/pages\/3\/revisions\/45576"}],"wp:attachment":[{"href":"https:\/\/buttiebeauty.com\/us\/wp-json\/wp\/v2\/media?parent=3"}],"curies":[{"name":"wp","href":"https:\/\/api.w.org\/{rel}","templated":true}]}}